{"id":139,"date":"2025-01-06T13:59:44","date_gmt":"2025-01-06T13:59:44","guid":{"rendered":"https:\/\/creativesolutions.nu\/wop\/?page_id=139"},"modified":"2025-01-27T12:05:54","modified_gmt":"2025-01-27T12:05:54","slug":"homeopati","status":"publish","type":"page","link":"https:\/\/creativesolutions.nu\/wop\/homeopati\/","title":{"rendered":"Homeopati"},"content":{"rendered":"\n<div class=\"wp-block-group alignfull has-accent-background-color has-background\" style=\"margin-top:0;margin-bottom:0;padding-top:var(--wp--preset--spacing--50);padding-right:var(--wp--preset--spacing--50);padding-bottom:var(--wp--preset--spacing--50);padding-left:var(--wp--preset--spacing--50)\"><div class=\"wp-block-group__inner-container is-layout-constrained wp-container-core-group-is-layout-2bafd31c wp-block-group-is-layout-constrained\">\n<div class=\"wp-block-columns alignwide is-layout-flex wp-container-core-columns-is-layout-4d397ad4 wp-block-columns-is-layout-flex\">\n<div class=\"wp-block-column is-vertically-aligned-stretch is-layout-flow wp-block-column-is-layout-flow\" style=\"flex-basis:50%\">\n<div class=\"wp-block-group is-vertical is-content-justification-stretch is-layout-flex wp-container-core-group-is-layout-d9786264 wp-block-group-is-layout-flex\" style=\"min-height:100%\">\n<p class=\"has-heading-font-family has-x-large-font-size\" style=\"line-height:1.2\">Vad \u00e4r Homeopati?<\/p>\n\n\n\n<p><em>Homeopati<\/em>, fr\u00e5n grekiskans homoios &#8220;lika&#8221; och pathos &#8220;lidande&#8221;, vilket st\u00e5r f\u00f6r lika-lidande. Det finns allts\u00e5 ett \u00e4mne som kan ge upphov till alla dina symptom och med hj\u00e4lp av att &#8220;lika l\u00f6ser lika&#8221; kan ocks\u00e5 dina obalanser i kroppen r\u00e4ttas till. Vi ger ditt immunf\u00f6rsvar en \u00e4rlig chans att hj\u00e4lpa till att h\u00f6ja sig och r\u00e4tta till det som \u00e4r fel i kroppen. <\/p>\n\n\n\n<div class=\"wp-block-group is-content-justification-left\"><div class=\"wp-block-group__inner-container is-layout-constrained wp-container-core-group-is-layout-ebdfa9d7 wp-block-group-is-layout-constrained\">\n<p class=\"wp-container-content-0733e5d0\"><\/p>\n\n\n\n<div class=\"wp-block-buttons is-layout-flex wp-block-buttons-is-layout-flex\">\n<div class=\"wp-block-button\"><a class=\"wp-block-button__link wp-element-button\">Elevpriser just nu: 400kr<\/a><\/div>\n<\/div>\n<\/div><\/div>\n<\/div>\n<\/div>\n\n\n\n<div class=\"wp-block-column is-vertically-aligned-center is-layout-flow wp-block-column-is-layout-flow\" style=\"flex-basis:50%\">\n<figure class=\"wp-block-image size-full is-resized is-style-rounded\"><img loading=\"lazy\" decoding=\"async\" width=\"960\" height=\"640\" src=\"https:\/\/creativesolutions.nu\/wop\/wp-content\/uploads\/2025\/01\/homeopat-medicin.png\" alt=\"\" class=\"wp-image-124\" style=\"aspect-ratio:0.75;object-fit:cover;width:278px;height:auto\" srcset=\"https:\/\/creativesolutions.nu\/wop\/wp-content\/uploads\/2025\/01\/homeopat-medicin.png 960w, https:\/\/creativesolutions.nu\/wop\/wp-content\/uploads\/2025\/01\/homeopat-medicin-300x200.png 300w, https:\/\/creativesolutions.nu\/wop\/wp-content\/uploads\/2025\/01\/homeopat-medicin-768x512.png 768w\" sizes=\"auto, (max-width: 960px) 100vw, 960px\" \/><\/figure>\n<\/div>\n<\/div>\n<\/div><\/div>\n\n\n\n<div class=\"wp-block-group alignfull has-base-background-color has-background\" style=\"margin-top:0;margin-bottom:0;padding-top:var(--wp--preset--spacing--50);padding-right:var(--wp--preset--spacing--50);padding-bottom:var(--wp--preset--spacing--50);padding-left:var(--wp--preset--spacing--50)\"><div class=\"wp-block-group__inner-container is-layout-constrained wp-container-core-group-is-layout-9cf8f26d wp-block-group-is-layout-constrained\">\n<div class=\"wp-block-columns alignwide is-layout-flex wp-container-core-columns-is-layout-1a7dd963 wp-block-columns-is-layout-flex\">\n<div class=\"wp-block-column is-content-justification-center is-layout-constrained wp-container-core-column-is-layout-a0b28d0e wp-block-column-is-layout-constrained\" style=\"flex-basis:40%\">\n<div class=\"wp-block-columns is-layout-flex wp-container-core-columns-is-layout-9d6595d7 wp-block-columns-is-layout-flex\">\n<div class=\"wp-block-column is-layout-flow wp-block-column-is-layout-flow\" style=\"flex-basis:100%\"><div class=\"wp-block-image\">\n<figure class=\"aligncenter size-full\"><img loading=\"lazy\" decoding=\"async\" width=\"960\" height=\"640\" src=\"https:\/\/creativesolutions.nu\/wop\/wp-content\/uploads\/2025\/01\/whildes_bocker.png\" alt=\"\" class=\"wp-image-163\" srcset=\"https:\/\/creativesolutions.nu\/wop\/wp-content\/uploads\/2025\/01\/whildes_bocker.png 960w, https:\/\/creativesolutions.nu\/wop\/wp-content\/uploads\/2025\/01\/whildes_bocker-300x200.png 300w, https:\/\/creativesolutions.nu\/wop\/wp-content\/uploads\/2025\/01\/whildes_bocker-768x512.png 768w\" sizes=\"auto, (max-width: 960px) 100vw, 960px\" \/><\/figure>\n<\/div><\/div>\n<\/div>\n<\/div>\n\n\n\n<div class=\"wp-block-column is-layout-flow wp-block-column-is-layout-flow\" style=\"flex-basis:60%\">\n<p class=\"has-heading-font-family has-x-large-font-size\" style=\"line-height:1.2\">Mer om l\u00e4kningsprocessen<\/p>\n\n\n\n<div class=\"wp-block-columns is-layout-flex wp-container-core-columns-is-layout-b0e66f64 wp-block-columns-is-layout-flex\">\n<div class=\"wp-block-column is-layout-flow wp-block-column-is-layout-flow\">\n<p class=\"wp-container-content-9cfa9a5a\">Inom homeopati finns inga biverkningar, men det finns f\u00f6rstf\u00f6rs\u00e4mringar som kan bli obehagliga nog. Skillnaden mellan en biverkning och f\u00f6rstf\u00f6rs\u00e4mring \u00e4r att en biverkning \u00e4r en o\u00f6nskad ev. skadlig reaktion p\u00e5 ett l\u00e4kemedel. En f\u00f6rstf\u00f6rs\u00e4mring \u00e4r n\u00e4r immunf\u00f6rsvaret hittar n\u00e5got som inte ska vara i kroppen och obalansen trycks ut\u00e5t. <\/p>\n<\/div>\n\n\n\n<div class=\"wp-block-column is-layout-flow wp-block-column-is-layout-flow\">\n<p>Homeopati l\u00e4ker enligt kroppens egna takt och immunf\u00f6rsvar. Det g\u00e5r tyv\u00e4rr inte att stressa p\u00e5 utan kroppen kommer att kunna l\u00e4ka i sin egen takt.<\/p>\n<\/div>\n<\/div>\n<\/div>\n<\/div>\n<\/div><\/div>\n\n\n\n<div class=\"wp-block-group alignfull has-accent-5-background-color has-background\" style=\"margin-top:0;margin-bottom:0;padding-top:var(--wp--preset--spacing--50);padding-right:var(--wp--preset--spacing--50);padding-bottom:var(--wp--preset--spacing--50);padding-left:var(--wp--preset--spacing--50)\"><div class=\"wp-block-group__inner-container is-layout-constrained wp-container-core-group-is-layout-9cf8f26d wp-block-group-is-layout-constrained\">\n<div class=\"wp-block-columns alignwide is-layout-flex wp-container-core-columns-is-layout-4d397ad4 wp-block-columns-is-layout-flex\">\n<div class=\"wp-block-column is-vertically-aligned-center is-layout-flow wp-block-column-is-layout-flow\" style=\"flex-basis:60%\">\n<figure class=\"wp-block-image size-full is-style-rounded wp-duotone-varpresetduotoneduotone-1-1\"><img loading=\"lazy\" decoding=\"async\" width=\"960\" height=\"640\" src=\"https:\/\/creativesolutions.nu\/wop\/wp-content\/uploads\/2025\/01\/synthesis-1.png\" alt=\"\" class=\"wp-image-162\" style=\"aspect-ratio:4\/3;object-fit:cover\" srcset=\"https:\/\/creativesolutions.nu\/wop\/wp-content\/uploads\/2025\/01\/synthesis-1.png 960w, https:\/\/creativesolutions.nu\/wop\/wp-content\/uploads\/2025\/01\/synthesis-1-300x200.png 300w, https:\/\/creativesolutions.nu\/wop\/wp-content\/uploads\/2025\/01\/synthesis-1-768x512.png 768w\" sizes=\"auto, (max-width: 960px) 100vw, 960px\" \/><\/figure>\n<\/div>\n\n\n\n<div class=\"wp-block-column is-layout-flow wp-block-column-is-layout-flow\" style=\"flex-basis:40%\">\n<h2 class=\"wp-block-heading\">Hur g\u00e5r det till?<\/h2>\n\n\n\n<p>F\u00f6rsta m\u00f6tet kommer vi att g\u00e5 igenom din anamnes, dina symptom och hur ditt liv har sett ut sen ska vi f\u00f6rs\u00f6ka plocka fram vilket \u00e4mne som kan vara r\u00e4tt i r\u00e4tt l\u00e4ge f\u00f6r dig just nu.<\/p>\n\n\n\n<div class=\"wp-block-buttons is-layout-flex wp-block-buttons-is-layout-flex\"><\/div>\n<\/div>\n<\/div>\n<\/div><\/div>\n","protected":false},"excerpt":{"rendered":"<p>Vad \u00e4r Homeopati? Homeopati, fr\u00e5n grekiskans homoios &#8220;lika&#8221; och pathos &#8220;lidande&#8221;, vilket st\u00e5r f\u00f6r lika-lidande. Det finns allts\u00e5 ett \u00e4mne som kan ge upphov till alla dina symptom och med hj\u00e4lp av att &#8220;lika l\u00f6ser lika&#8221; kan ocks\u00e5 dina obalanser i kroppen r\u00e4ttas till. Vi ger ditt immunf\u00f6rsvar en \u00e4rlig chans att hj\u00e4lpa till att [&hellip;]<\/p>\n","protected":false},"author":1,"featured_media":0,"parent":0,"menu_order":0,"comment_status":"closed","ping_status":"closed","template":"","meta":{"_siteseo_robots_primary_cat":"","footnotes":""},"class_list":["post-139","page","type-page","status-publish","hentry"],"_links":{"self":[{"href":"https:\/\/creativesolutions.nu\/wop\/wp-json\/wp\/v2\/pages\/139","targetHints":{"allow":["GET"]}}],"collection":[{"href":"https:\/\/creativesolutions.nu\/wop\/wp-json\/wp\/v2\/pages"}],"about":[{"href":"https:\/\/creativesolutions.nu\/wop\/wp-json\/wp\/v2\/types\/page"}],"author":[{"embeddable":true,"href":"https:\/\/creativesolutions.nu\/wop\/wp-json\/wp\/v2\/users\/1"}],"replies":[{"embeddable":true,"href":"https:\/\/creativesolutions.nu\/wop\/wp-json\/wp\/v2\/comments?post=139"}],"version-history":[{"count":7,"href":"https:\/\/creativesolutions.nu\/wop\/wp-json\/wp\/v2\/pages\/139\/revisions"}],"predecessor-version":[{"id":203,"href":"https:\/\/creativesolutions.nu\/wop\/wp-json\/wp\/v2\/pages\/139\/revisions\/203"}],"wp:attachment":[{"href":"https:\/\/creativesolutions.nu\/wop\/wp-json\/wp\/v2\/media?parent=139"}],"curies":[{"name":"wp","href":"https:\/\/api.w.org\/{rel}","templated":true}]}}