{"id":52,"date":"2025-01-06T11:10:01","date_gmt":"2025-01-06T11:10:01","guid":{"rendered":"https:\/\/creativesolutions.nu\/wop\/contact\/"},"modified":"2025-02-01T18:11:27","modified_gmt":"2025-02-01T18:11:27","slug":"contact","status":"publish","type":"page","link":"https:\/\/creativesolutions.nu\/wop\/contact\/","title":{"rendered":"Kontakt"},"content":{"rendered":"\n<h2 class=\"wp-block-heading\">Mina kontaktuppgifter<\/h2>\n\n\n\n<p>Kontakta mig g\u00e4rna p\u00e5 epost eller via telefon<\/p>\n\n\n\n<h3 class=\"wp-block-heading\">Telefon<\/h3>\n\n\n\n<p>Martine, 0705280947<\/p>\n\n\n\n<h3 class=\"wp-block-heading\">Adress<\/h3>\n\n\n\n<p>K\u00f6pmangatan 21, H\u00e4rn\u00f6sand<\/p>\n\n\n\n<h3 class=\"wp-block-heading\">Epost<\/h3>\n\n\n\n<p>selin.martine@gmail.com<\/p>\n\n\n\n<p><\/p>\n","protected":false},"excerpt":{"rendered":"<p>Mina kontaktuppgifter Kontakta mig g\u00e4rna p\u00e5 epost eller via telefon Telefon Martine, 0705280947 Adress K\u00f6pmangatan 21, H\u00e4rn\u00f6sand Epost selin.martine@gmail.com<\/p>\n","protected":false},"author":1,"featured_media":0,"parent":0,"menu_order":0,"comment_status":"closed","ping_status":"closed","template":"","meta":{"_siteseo_robots_primary_cat":"","footnotes":""},"class_list":["post-52","page","type-page","status-publish","hentry"],"_links":{"self":[{"href":"https:\/\/creativesolutions.nu\/wop\/wp-json\/wp\/v2\/pages\/52","targetHints":{"allow":["GET"]}}],"collection":[{"href":"https:\/\/creativesolutions.nu\/wop\/wp-json\/wp\/v2\/pages"}],"about":[{"href":"https:\/\/creativesolutions.nu\/wop\/wp-json\/wp\/v2\/types\/page"}],"author":[{"embeddable":true,"href":"https:\/\/creativesolutions.nu\/wop\/wp-json\/wp\/v2\/users\/1"}],"replies":[{"embeddable":true,"href":"https:\/\/creativesolutions.nu\/wop\/wp-json\/wp\/v2\/comments?post=52"}],"version-history":[{"count":5,"href":"https:\/\/creativesolutions.nu\/wop\/wp-json\/wp\/v2\/pages\/52\/revisions"}],"predecessor-version":[{"id":235,"href":"https:\/\/creativesolutions.nu\/wop\/wp-json\/wp\/v2\/pages\/52\/revisions\/235"}],"wp:attachment":[{"href":"https:\/\/creativesolutions.nu\/wop\/wp-json\/wp\/v2\/media?parent=52"}],"curies":[{"name":"wp","href":"https:\/\/api.w.org\/{rel}","templated":true}]}}